{"id":621,"date":"2020-10-05T18:24:11","date_gmt":"2020-10-05T18:24:11","guid":{"rendered":"http:\/\/cenknet.com\/?page_id=621"},"modified":"2020-10-05T18:24:11","modified_gmt":"2020-10-05T18:24:11","slug":"iletisim","status":"publish","type":"page","link":"https:\/\/cenknet.com\/index.php\/iletisim\/","title":{"rendered":"\u0130leti\u015fim"},"content":{"rendered":"\n<p><strong>Adres:<\/strong><br>Cumhuriyet Mahallesi Ayd\u0131n \u0130\u015f Han\u0131 34F-4<br>Mithatpa\u015fa \u00c7ankaya-Ankara<\/p>\n\n\n\n<p><strong>Telefon:<\/strong><br>0312 309 38 86<br>0553 348 10 06<br><br><\/p>\n","protected":false},"excerpt":{"rendered":"<p>Adres:Cumhuriyet Mahallesi Ayd\u0131n \u0130\u015f Han\u0131 34F-4Mithatpa\u015fa \u00c7ankaya-Ankara Telefon:0312 309 38 860553 348 10 06<\/p>\n","protected":false},"author":1,"featured_media":0,"parent":0,"menu_order":0,"comment_status":"closed","ping_status":"closed","template":"","meta":{"footnotes":""},"class_list":["post-621","page","type-page","status-publish","hentry"],"_links":{"self":[{"href":"https:\/\/cenknet.com\/index.php\/wp-json\/wp\/v2\/pages\/621","targetHints":{"allow":["GET"]}}],"collection":[{"href":"https:\/\/cenknet.com\/index.php\/wp-json\/wp\/v2\/pages"}],"about":[{"href":"https:\/\/cenknet.com\/index.php\/wp-json\/wp\/v2\/types\/page"}],"author":[{"embeddable":true,"href":"https:\/\/cenknet.com\/index.php\/wp-json\/wp\/v2\/users\/1"}],"replies":[{"embeddable":true,"href":"https:\/\/cenknet.com\/index.php\/wp-json\/wp\/v2\/comments?post=621"}],"version-history":[{"count":1,"href":"https:\/\/cenknet.com\/index.php\/wp-json\/wp\/v2\/pages\/621\/revisions"}],"predecessor-version":[{"id":622,"href":"https:\/\/cenknet.com\/index.php\/wp-json\/wp\/v2\/pages\/621\/revisions\/622"}],"wp:attachment":[{"href":"https:\/\/cenknet.com\/index.php\/wp-json\/wp\/v2\/media?parent=621"}],"curies":[{"name":"wp","href":"https:\/\/api.w.org\/{rel}","templated":true}]}}