{"id":607,"date":"2020-10-05T17:12:57","date_gmt":"2020-10-05T17:12:57","guid":{"rendered":"http:\/\/cenknet.com\/?page_id=607"},"modified":"2020-10-05T18:19:52","modified_gmt":"2020-10-05T18:19:52","slug":"cenknet-muhendislik","status":"publish","type":"page","link":"https:\/\/cenknet.com\/","title":{"rendered":"Cenknet M\u00fchendislik"},"content":{"rendered":"\n<p>2012 y\u0131l\u0131nda kurulan firmam\u0131z Savunma Teknolojileri, end\u00fcstriyel anakart ve g\u00fc\u00e7 kaynaklar\u0131n\u0131n onar\u0131m\u0131, sunucu ve network kurulumu ile ileti\u015fim cihazlar\u0131n\u0131n tamiri konusunda \u00e7al\u0131\u015fmaktad\u0131r. <\/p>\n\n\n\n<p><strong>Ba\u015fl\u0131ca Hizmet Alanlar\u0131m\u0131z:<\/strong><br>X Band, L Band, Ku Band Modem Onar\u0131m\u0131<br>End\u00fcstriyel Anakart ve PC onar\u0131m\u0131<br>Sunucu Kurulumu ve Sanalla\u015ft\u0131rma Sistemleri, A\u011f Kurulumu<br>Veri Depolama Sistemleri Bak\u0131m ve Onar\u0131m\u0131<br>Digi, Moxa, Planet, Advantech, Comtech marka ileti\u015fim cihazlar\u0131n\u0131n onar\u0131m\u0131<\/p>\n","protected":false},"excerpt":{"rendered":"<p>2012 y\u0131l\u0131nda kurulan firmam\u0131z Savunma Teknolojileri, end\u00fcstriyel anakart ve g\u00fc\u00e7 kaynaklar\u0131n\u0131n onar\u0131m\u0131, sunucu ve network kurulumu ile ileti\u015fim cihazlar\u0131n\u0131n tamiri konusunda \u00e7al\u0131\u015fmaktad\u0131r. Ba\u015fl\u0131ca Hizmet Alanlar\u0131m\u0131z:X Band, L Band, Ku Band Modem Onar\u0131m\u0131End\u00fcstriyel Anakart ve PC onar\u0131m\u0131Sunucu Kurulumu ve Sanalla\u015ft\u0131rma Sistemleri, A\u011f KurulumuVeri Depolama Sistemleri Bak\u0131m ve Onar\u0131m\u0131Digi, Moxa, Planet, Advantech, Comtech marka ileti\u015fim cihazlar\u0131n\u0131n onar\u0131m\u0131<\/p>\n","protected":false},"author":1,"featured_media":0,"parent":0,"menu_order":0,"comment_status":"closed","ping_status":"closed","template":"","meta":{"footnotes":""},"class_list":["post-607","page","type-page","status-publish","hentry"],"_links":{"self":[{"href":"https:\/\/cenknet.com\/index.php\/wp-json\/wp\/v2\/pages\/607","targetHints":{"allow":["GET"]}}],"collection":[{"href":"https:\/\/cenknet.com\/index.php\/wp-json\/wp\/v2\/pages"}],"about":[{"href":"https:\/\/cenknet.com\/index.php\/wp-json\/wp\/v2\/types\/page"}],"author":[{"embeddable":true,"href":"https:\/\/cenknet.com\/index.php\/wp-json\/wp\/v2\/users\/1"}],"replies":[{"embeddable":true,"href":"https:\/\/cenknet.com\/index.php\/wp-json\/wp\/v2\/comments?post=607"}],"version-history":[{"count":6,"href":"https:\/\/cenknet.com\/index.php\/wp-json\/wp\/v2\/pages\/607\/revisions"}],"predecessor-version":[{"id":619,"href":"https:\/\/cenknet.com\/index.php\/wp-json\/wp\/v2\/pages\/607\/revisions\/619"}],"wp:attachment":[{"href":"https:\/\/cenknet.com\/index.php\/wp-json\/wp\/v2\/media?parent=607"}],"curies":[{"name":"wp","href":"https:\/\/api.w.org\/{rel}","templated":true}]}}